{"id":2225,"date":"2019-01-30T15:07:01","date_gmt":"2019-01-30T15:07:01","guid":{"rendered":"http:\/\/www.fiaelyelmo.com\/cine\/?page_id=2225"},"modified":"2019-01-30T15:46:06","modified_gmt":"2019-01-30T15:46:06","slug":"premios-cinema-fia-2018","status":"publish","type":"page","link":"https:\/\/www.fiaelyelmo.com\/cine\/es\/premios-cinema-fia-2018\/","title":{"rendered":"Premios CINEMA FIA 2018"},"content":{"rendered":"<h3><strong><span id=\"result_box\" class=\"short_text\" lang=\"en\" tabindex=\"-1\"><span class=\"\">Lista de premiados<\/span><\/span>\u00a0XIX CINEMA FIA:<\/strong><\/h3>\n<p><img loading=\"lazy\" decoding=\"async\" class=\"wp-image-1473 alignleft\" src=\"http:\/\/www.fiaelyelmo.com\/cine\/wp-content\/uploads\/2017\/02\/laurel_CINEMA-FIA_bestfilm-150x150.jpg\" alt=\"laurel_CINEMA FIA_bestfilm\" width=\"120\" height=\"124\" \/><\/p>\n<p>Mejor pel\u00edcula del festival: <strong>Strong the wind blows \u2013 Canad\u00e1<\/strong><\/p>\n<p>&nbsp;<\/p>\n<p>&nbsp;<\/p>\n<p><img loading=\"lazy\" decoding=\"async\" class=\" wp-image-1476 alignleft\" src=\"http:\/\/www.fiaelyelmo.com\/cine\/wp-content\/uploads\/2017\/02\/laurel_CINEMA-FIA_bestsport-150x150.jpg\" alt=\"laurel_CINEMA FIA_bestsport\" width=\"120\" height=\"122\" \/><\/p>\n<p>MEjor pel\u00edcula de deportes a\u00e9reos: <strong>Quand passend les ibis \u2013 Francia<\/strong><\/p>\n<p>&nbsp;<\/p>\n<p>&nbsp;<\/p>\n<p><img loading=\"lazy\" decoding=\"async\" class=\" wp-image-1471 alignleft\" src=\"http:\/\/www.fiaelyelmo.com\/cine\/wp-content\/uploads\/2017\/02\/laurel_CINEMA-FIA_bestadventure-150x150.jpg\" alt=\"laurel_CINEMA FIA_bestadventure\" width=\"120\" height=\"127\" \/><\/p>\n<p>Mejor pel\u00edcula de aventura a\u00e9rea: <strong>En vol vers les 8000 \u2013 Francia<\/strong><\/p>\n<p>&nbsp;<\/p>\n<p>&nbsp;<\/p>\n<p><img loading=\"lazy\" decoding=\"async\" class=\" wp-image-1474 alignleft\" src=\"http:\/\/www.fiaelyelmo.com\/cine\/wp-content\/uploads\/2017\/02\/laurel_CINEMA-FIA_bestnature-150x150.jpg\" alt=\"laurel_CINEMA FIA_bestnature\" width=\"120\" height=\"124\" \/><\/p>\n<p>Mejor pel\u00edcula de vuelo en la naturaleza: <strong>Birs of prey \u2013 USA<\/strong><\/p>\n<p>&nbsp;<\/p>\n<p>&nbsp;<\/p>\n<p><img loading=\"lazy\" decoding=\"async\" class=\" wp-image-1475 alignleft\" src=\"http:\/\/www.fiaelyelmo.com\/cine\/wp-content\/uploads\/2017\/02\/laurel_CINEMA-FIA_bestshort-150x150.jpg\" alt=\"laurel_CINEMA FIA_bestshort\" width=\"121\" height=\"115\" \/><\/p>\n<p>Mejor corto: <strong>Fliying Lights \u2013 Francia<\/strong><\/p>\n","protected":false},"excerpt":{"rendered":"<p>Lista de premiados\u00a0XIX CINEMA FIA: Mejor pel\u00edcula del festival: Strong the wind blows \u2013 Canad\u00e1 &nbsp; &nbsp; MEjor pel\u00edcula de deportes a\u00e9reos: Quand passend les ibis \u2013 Francia &nbsp; &nbsp; Mejor pel\u00edcula de aventura a\u00e9rea: En vol vers les 8000 \u2013 Francia &nbsp; &nbsp; Mejor pel\u00edcula de vuelo en la naturaleza: Birs of prey \u2013 [&hellip;]<\/p>\n","protected":false},"author":1,"featured_media":0,"parent":0,"menu_order":0,"comment_status":"closed","ping_status":"closed","template":"","meta":{"_et_pb_use_builder":"","_et_pb_old_content":"","_et_gb_content_width":"","footnotes":""},"class_list":["post-2225","page","type-page","status-publish","hentry"],"_links":{"self":[{"href":"https:\/\/www.fiaelyelmo.com\/cine\/wp-json\/wp\/v2\/pages\/2225","targetHints":{"allow":["GET"]}}],"collection":[{"href":"https:\/\/www.fiaelyelmo.com\/cine\/wp-json\/wp\/v2\/pages"}],"about":[{"href":"https:\/\/www.fiaelyelmo.com\/cine\/wp-json\/wp\/v2\/types\/page"}],"author":[{"embeddable":true,"href":"https:\/\/www.fiaelyelmo.com\/cine\/wp-json\/wp\/v2\/users\/1"}],"replies":[{"embeddable":true,"href":"https:\/\/www.fiaelyelmo.com\/cine\/wp-json\/wp\/v2\/comments?post=2225"}],"version-history":[{"count":3,"href":"https:\/\/www.fiaelyelmo.com\/cine\/wp-json\/wp\/v2\/pages\/2225\/revisions"}],"predecessor-version":[{"id":2245,"href":"https:\/\/www.fiaelyelmo.com\/cine\/wp-json\/wp\/v2\/pages\/2225\/revisions\/2245"}],"wp:attachment":[{"href":"https:\/\/www.fiaelyelmo.com\/cine\/wp-json\/wp\/v2\/media?parent=2225"}],"curies":[{"name":"wp","href":"https:\/\/api.w.org\/{rel}","templated":true}]}}