{"id":2974,"date":"2021-05-13T08:30:27","date_gmt":"2021-05-13T08:30:27","guid":{"rendered":"http:\/\/www.fiaelyelmo.com\/cine\/?page_id=2974"},"modified":"2021-05-26T08:22:53","modified_gmt":"2021-05-26T08:22:53","slug":"jurado-2021","status":"publish","type":"page","link":"https:\/\/www.fiaelyelmo.com\/cine\/es\/jurado-2021\/","title":{"rendered":"Jurado 2021"},"content":{"rendered":"<h3><strong>Marta Espinosa Gironella<\/strong><\/h3>\n<p><img loading=\"lazy\" decoding=\"async\" class=\"alignleft wp-image-2976 size-medium\" src=\"http:\/\/www.fiaelyelmo.com\/cine\/wp-content\/uploads\/2021\/05\/chica-225x300.jpg\" alt=\"chica\" width=\"225\" height=\"300\" srcset=\"https:\/\/www.fiaelyelmo.com\/cine\/wp-content\/uploads\/2021\/05\/chica-225x300.jpg 225w, https:\/\/www.fiaelyelmo.com\/cine\/wp-content\/uploads\/2021\/05\/chica.jpg 250w\" sizes=\"auto, (max-width: 225px) 100vw, 225px\" \/>Nacida en Murcia, Espa\u00f1a, 1986, Marta vive en Dubai, Emiratos \u00c1rabes Unidos, desde 2011. En 2017, despu\u00e9s de haber estado viviendo 6 a\u00f1os en la regi\u00f3n y 3 a\u00f1os y medio en trabajando como Directora de Producci\u00f3n en una de las Productoras de Cine m\u00e1s prestigiosas de la regi\u00f3n, decidi\u00f3 dar el salto y crear su propia empresa en colaboraci\u00f3n con Alan Gayton, Prime Productions AMG. La empresa, basada entre Dubai y Espa\u00f1a, ofrece una soluci\u00f3n completa en direcci\u00f3n de producci\u00f3n, centrada fundamentalmente en cine, especialistas y proezas (stunts) y producciones a\u00e9reas y de deportes extremos.<\/p>\n<p>Marta dirige proyectos completos de producci\u00f3n en pel\u00edculas y publicidad, y est\u00e1 especializada en proezas y especialistas, con particular conocimiento de especialistas a\u00e9reos y de paracaidismo. Posee una amplia visi\u00f3n de la industria y un conocimiento profundo del proceso de producci\u00f3n, ambos clave para el desarrollo tanto t\u00e9cnico como creativo de cualquier producci\u00f3n de manera eficiente.<\/p>\n<p>Posee amplia experiencia en diferentes materias, relacionadas con el audiovisual, el marketing y los negocios, gracias a sus estudios y experiencia. Cuenta con MBA (Master in Business Administration), un Premio Extraordinario Fin de Carrera de la Licenciatura en Comunicaci\u00f3n Audiovisual, con especializaci\u00f3n en Ficci\u00f3n y Publicidad, y una Diplomatura en Dise\u00f1o de Interiores.<\/p>\n<p>Algunos de sus \u00faltimos proyectos son: la pel\u00edcula francesa \u00abLe Lion\u00bb del director Ludovic Justin-Colbeau y con el reconocido actor Dany Boon, el v\u00eddeo musical \u00abJopping\u00bb del grupo K-Pop Super M con m\u00e1s de 97 millones de visitas en youtube, o el anuncio de KT5G con wingsuits.<\/p>\n<p>Durante su intensa vida profesional Marta ha trabajado en grandes producciones como la nueva Campa\u00f1a de Turismo de Dubai 2017, Amazon \u00abThe Gran Tour\u00bb (episodios de Dubai), Emirates: #HelloJetman, o Star Wars: Burj Khalifa LightSaber Challenge. Tambi\u00e9n tiene mucha experiencia en producciones de deportes extremos que Dubai Film realiz\u00f3 en colaboraci\u00f3n con XDubai y Skydive Dubai: Vertical Maze Dubai, Dreamjump Dubai o el salto base desde el Burj Khalifa (Pinnacle Basejump).<\/p>\n<p>Estamos seguros de que su aportaci\u00f3n al Jurado ser\u00e1 enorme por su profesionalidad y vis\u00f3n desde entro del mundo audiovisual, ligado al mundo del vuelo y los deportes extremo.<\/p>\n<h3><strong>Alan Gayton<\/strong><\/h3>\n<p><img loading=\"lazy\" decoding=\"async\" class=\"size-medium wp-image-2978 alignleft\" src=\"http:\/\/www.fiaelyelmo.com\/cine\/wp-content\/uploads\/2021\/05\/Alan-300x200.jpg\" alt=\"Alan\" width=\"300\" height=\"200\" srcset=\"https:\/\/www.fiaelyelmo.com\/cine\/wp-content\/uploads\/2021\/05\/Alan-300x200.jpg 300w, https:\/\/www.fiaelyelmo.com\/cine\/wp-content\/uploads\/2021\/05\/Alan.jpg 400w\" sizes=\"auto, (max-width: 300px) 100vw, 300px\" \/>Alan Christopher Gayton vive en Dubai, Emiratos \u00c1rabes Unidos, desde 2009.<br \/>\nAlan es actualmente Director de Operaciones de Jetman Dubai, un proyecto pionero en el mundo que ha traspasado fronteras con el desarrollo de las primeras t\u00e9cnicas que permiten el vuelo humano.<br \/>\nTambi\u00e9n, es cofundador y director ejecutivo de Prime Productions AMG, creada en 2017. Una empresa de gesti\u00f3n de proyectos integral centrada en pel\u00edculas, acrobacias, producciones de deportes a\u00e9reos y extremos y gesti\u00f3n de atletas, con sede entre Dubai y Espa\u00f1a. Adem\u00e1s de haber trabajado varios a\u00f1os en Skydive Dubai, como Director de Proyectos Especiales, Desarrollo de Negocios, Gerente General y de Operaciones lo que\u00a0 incluy\u00f3 el desarrollo de nuevas estrategias comerciales, adem\u00e1s de ser el Coordinador General y Gerente de Seguridad para Eventos, Demostraciones, Producciones Cinematogr\u00e1ficas, Acrobacias, R\u00e9cords Mundiales y Concursos Internacionales.<br \/>\nTiene una amplia experiencia en la industria de deportes a\u00e9reos, habiendo organizado cuatro Competiciones Internacionales de Paracaidismo y el Campeonato Mundial de Paracaidismo FAI, con un historial probado del 100% de seguridad en las operaciones.<br \/>\nSu amplia trayectoria, junto con su visi\u00f3n empresarial, hicieron de Skydive Dubai una referencia en la escena mundial del paracaidismo. A su llegada a Dubai, era consultor y desarrollador de proyectos de IFly en Mirdif City Centre, el primer t\u00fanel de viento gemelo del mundo.<\/p>\n<p>Su experiencia tambi\u00e9n incluye ser ingeniero marino de la Marina Real Brit\u00e1nica y ser propietario y dirigir su propio negocio durante m\u00e1s de 10 a\u00f1os en servicios t\u00e9cnicos en el Reino Unido. Cofundador de Samurai Freefly, tambi\u00e9n es un instructor especializado en t\u00faneles de viento con miles de horas de vuelo, un Experience Skydiver con alrededor de 7.000 saltos y un instructor de buceo.<\/p>\n<h3><strong>Lu Marini<\/strong><\/h3>\n<p><img loading=\"lazy\" decoding=\"async\" class=\"size-medium wp-image-2979 alignleft\" src=\"http:\/\/www.fiaelyelmo.com\/cine\/wp-content\/uploads\/2021\/05\/Lu-Marini-300x293.jpg\" alt=\"Lu-Marini\" width=\"300\" height=\"293\" srcset=\"https:\/\/www.fiaelyelmo.com\/cine\/wp-content\/uploads\/2021\/05\/Lu-Marini-300x293.jpg 300w, https:\/\/www.fiaelyelmo.com\/cine\/wp-content\/uploads\/2021\/05\/Lu-Marini.jpg 400w\" sizes=\"auto, (max-width: 300px) 100vw, 300px\" \/>Lu Marini inicialmente consolid\u00f3 su carrera profesional en las \u00e1reas de Consultor\u00eda, Comunicaci\u00f3n y Marketing, tras pasar por grandes corporaciones, fund\u00f3 su propia empresa en 1990 desde muy joven, dirigiendo sus actividades a las \u00e1reas de publicidad, don de obtuvo varios importantes premios.<\/p>\n<p>En TAKEOFF Produ\u00e7\u00f5es act\u00faa como director, productor y protagonista de varios documentales para televisi\u00f3n, adem\u00e1s de realizar proyectos especiales para TV Globo y TV Record.<\/p>\n<p>Con reconocimiento mundial, Lu Marini gan\u00f3 espacio en los grandes medios de comunicaci\u00f3n a trav\u00e9s de sus expediciones, entre ellas por la carretera Transamaz\u00f3nica, el r\u00edo S\u00e3o Francisco y el r\u00edo Doce. En total, Lu Marini ya ha volado m\u00e1s de veinte mil kil\u00f3metros a trav\u00e9s de Brasil.<\/p>\n<p>A nivel deportivo, es piloto instructor senior de Paramotor, plusmarquista continental de altitud y \u00fanico piloto del mundo en sobrevolar un volc\u00e1n activo (Popocat\u00e9petl \/ M\u00e9xico), adem\u00e1s de instructor de las tropas de \u00e9lite de la Armada de Brasil.<\/p>\n<p>Lu Marini es CEO de TAKEOFF Produ\u00e7\u00f5es, actuando como director, productor y protagonista de varios documentales para televisi\u00f3n, entre ellos la serie de expediciones \u201cRastreando\u201d, el programa \u201cPousos e Decolagens\u201d, adem\u00e1s de realizar proyectos especiales para Rede Globo y para Rede Record.<\/p>\n<p>Como piloto de aventuras, realiza expediciones por Brasil y alrededor del mundo, capturando im\u00e1genes a\u00e9reas y documentando historias y cultura en las regiones a donde va con su equipo de producci\u00f3n, generando as\u00ed contenidos para televisi\u00f3n, documentales, libros y exposiciones.<\/p>\n<h3><strong>Arturo Guti\u00e9rrez de Ter\u00e1n<\/strong><\/h3>\n<p><img loading=\"lazy\" decoding=\"async\" class=\"size-full wp-image-2980 alignleft\" src=\"http:\/\/www.fiaelyelmo.com\/cine\/wp-content\/uploads\/2021\/05\/arturo.jpg\" alt=\"arturo\" width=\"104\" height=\"163\" \/>Desde su ingreso en la Diputaci\u00f3n Provincial de Ja\u00e9n en enero de 1983 ha desempe\u00f1ado diferentes puestos, la mayor\u00eda de ellos ligados al mundo de la cultura, siendo Coordinador Cultural, Jefe del Gabinete de Vicepresidencia, Jefe de Servicio de Cultura y Director del \u00c1rea de Cultura y Deportes, puesto que ocupa en la actualidad.<\/p>\n<p>En su condici\u00f3n de Jefe de Servicio de Cultura y Director del \u00c1rea de Cultura y Deportes, es responsable directo de todas las actividades culturales que se programan por el \u00c1rea de Cultura y Deportes y, en relaci\u00f3n a los programas cinematogr\u00e1ficos, destacar lo siguiente:<\/p>\n<p>&#8211;\u00a0\u00a0 \u00a0Concurso de Cortometrajes \u201cRodando por Ja\u00e9n\u201d. Miembro del Jurado de Preselecci\u00f3n y del Jurado del Concurso.<br \/>\n&#8211;\u00a0\u00a0 \u00a0Muestra de Cine Espa\u00f1ol In\u00e9dito en Ja\u00e9n. Responsable t\u00e9cnico.<br \/>\n&#8211;\u00a0\u00a0 \u00a0Campus de Cine \u201cMiguel Picazo\u201d. Responsable t\u00e9cnico.<br \/>\n&#8211;\u00a0\u00a0 \u00a0Encuentros con el Cine Espa\u00f1ol. Responsable de la actividad.<br \/>\n&#8211;\u00a0\u00a0 \u00a0Cineverano. Responsable de la actividad.<\/p>\n<p>As\u00ed mismo, ejerce actualmente la Direcci\u00f3n T\u00e9cnica del Concurso Internacional de Piano \u201cPremio Ja\u00e9n\u201d.<\/p>\n","protected":false},"excerpt":{"rendered":"<p>Marta Espinosa Gironella Nacida en Murcia, Espa\u00f1a, 1986, Marta vive en Dubai, Emiratos \u00c1rabes Unidos, desde 2011. En 2017, despu\u00e9s de haber estado viviendo 6 a\u00f1os en la regi\u00f3n y 3 a\u00f1os y medio en trabajando como Directora de Producci\u00f3n en una de las Productoras de Cine m\u00e1s prestigiosas de la regi\u00f3n, decidi\u00f3 dar el [&hellip;]<\/p>\n","protected":false},"author":1,"featured_media":0,"parent":0,"menu_order":0,"comment_status":"closed","ping_status":"closed","template":"","meta":{"_et_pb_use_builder":"","_et_pb_old_content":"","_et_gb_content_width":"","footnotes":""},"class_list":["post-2974","page","type-page","status-publish","hentry"],"_links":{"self":[{"href":"https:\/\/www.fiaelyelmo.com\/cine\/wp-json\/wp\/v2\/pages\/2974","targetHints":{"allow":["GET"]}}],"collection":[{"href":"https:\/\/www.fiaelyelmo.com\/cine\/wp-json\/wp\/v2\/pages"}],"about":[{"href":"https:\/\/www.fiaelyelmo.com\/cine\/wp-json\/wp\/v2\/types\/page"}],"author":[{"embeddable":true,"href":"https:\/\/www.fiaelyelmo.com\/cine\/wp-json\/wp\/v2\/users\/1"}],"replies":[{"embeddable":true,"href":"https:\/\/www.fiaelyelmo.com\/cine\/wp-json\/wp\/v2\/comments?post=2974"}],"version-history":[{"count":4,"href":"https:\/\/www.fiaelyelmo.com\/cine\/wp-json\/wp\/v2\/pages\/2974\/revisions"}],"predecessor-version":[{"id":2990,"href":"https:\/\/www.fiaelyelmo.com\/cine\/wp-json\/wp\/v2\/pages\/2974\/revisions\/2990"}],"wp:attachment":[{"href":"https:\/\/www.fiaelyelmo.com\/cine\/wp-json\/wp\/v2\/media?parent=2974"}],"curies":[{"name":"wp","href":"https:\/\/api.w.org\/{rel}","templated":true}]}}