{"id":3173,"date":"2022-11-10T21:18:51","date_gmt":"2022-11-10T21:18:51","guid":{"rendered":"http:\/\/www.fiaelyelmo.com\/cine\/?page_id=3173"},"modified":"2024-01-11T19:34:58","modified_gmt":"2024-01-11T19:34:58","slug":"palmares-cinema-fia-2022","status":"publish","type":"page","link":"https:\/\/www.fiaelyelmo.com\/cine\/es\/palmares-cinema-fia-2022\/","title":{"rendered":"Palmar\u00e9s CINEMA FIA 2022"},"content":{"rendered":"<h3><strong><span id=\"result_box\" class=\"short_text\" lang=\"en\" tabindex=\"-1\"><span class=\"\">Lista de premiados<\/span><\/span>\u00a0XXII CINEMA FIA:<\/strong><\/h3>\n<p><img loading=\"lazy\" decoding=\"async\" class=\"wp-image-1473 alignleft\" src=\"http:\/\/www.fiaelyelmo.com\/cine\/wp-content\/uploads\/2017\/02\/laurel_CINEMA-FIA_bestfilm-150x150.jpg\" alt=\"laurel_CINEMA FIA_bestfilm\" width=\"120\" height=\"124\" \/><\/p>\n<p>Mejor pel\u00edcula del festival:\u00a0<span class=\"x193iq5w xeuugli x13faqbe x1vvkbs xlh3980 xvmahel x1n0sxbx x1lliihq x1s928wv xhkezso x1gmr53x x1cpjm7i x1fgarty x1943h6x xudqn12 x3x7a5m x6prxxf xvq8zen xo1l8bm xzsf02u x1yc453h\" dir=\"auto\"><strong>\u201cFLY MONARCA<\/strong>\u201d de Benjamin Jordan, Canad\u00e1.<\/span><\/p>\n<p>&nbsp;<\/p>\n<p>&nbsp;<\/p>\n<p><img loading=\"lazy\" decoding=\"async\" class=\" wp-image-1476 alignleft\" src=\"http:\/\/www.fiaelyelmo.com\/cine\/wp-content\/uploads\/2017\/02\/laurel_CINEMA-FIA_bestsport-150x150.jpg\" alt=\"laurel_CINEMA FIA_bestsport\" width=\"120\" height=\"122\" \/><\/p>\n<p>Mejor pel\u00edcula de deportes a\u00e9reos:\u00a0<span class=\"x193iq5w xeuugli x13faqbe x1vvkbs xlh3980 xvmahel x1n0sxbx x1lliihq x1s928wv xhkezso x1gmr53x x1cpjm7i x1fgarty x1943h6x xudqn12 x3x7a5m x6prxxf xvq8zen xo1l8bm xzsf02u x1yc453h\" dir=\"auto\">\u201c<strong>CONECTADO AL TERRENO<\/strong>\u201d de Alberto Collantes, Espa\u00f1a<\/span>.<\/p>\n<p>&nbsp;<\/p>\n<p>&nbsp;<\/p>\n<p><img loading=\"lazy\" decoding=\"async\" class=\" wp-image-1471 alignleft\" src=\"http:\/\/www.fiaelyelmo.com\/cine\/wp-content\/uploads\/2017\/02\/laurel_CINEMA-FIA_bestadventure-150x150.jpg\" alt=\"laurel_CINEMA FIA_bestadventure\" width=\"120\" height=\"127\" \/><\/p>\n<p>Mejor pel\u00edcula de aventura a\u00e9rea:\u00a0<span class=\"x193iq5w xeuugli x13faqbe x1vvkbs xlh3980 xvmahel x1n0sxbx x1lliihq x1s928wv xhkezso x1gmr53x x1cpjm7i x1fgarty x1943h6x xudqn12 x3x7a5m x6prxxf xvq8zen xo1l8bm xzsf02u x1yc453h\" dir=\"auto\">\u201c<strong>ACONCAGUA, TRAVES\u00cdA SIN RETORNO\u201d<\/strong> de Antoine Girard, Francia.<\/p>\n<p><\/span><\/p>\n<p>&nbsp;<\/p>\n<p><img loading=\"lazy\" decoding=\"async\" class=\" wp-image-1474 alignleft\" src=\"http:\/\/www.fiaelyelmo.com\/cine\/wp-content\/uploads\/2017\/02\/laurel_CINEMA-FIA_bestnature-150x150.jpg\" alt=\"laurel_CINEMA FIA_bestnature\" width=\"120\" height=\"124\" \/><\/p>\n<p>Mejor pel\u00edcula de vuelo en la naturaleza:<span class=\"x193iq5w xeuugli x13faqbe x1vvkbs xlh3980 xvmahel x1n0sxbx x1lliihq x1s928wv xhkezso x1gmr53x x1cpjm7i x1fgarty x1943h6x xudqn12 x3x7a5m x6prxxf xvq8zen xo1l8bm xzsf02u x1yc453h\" dir=\"auto\"><strong>\u00abEXTREMADURA. PARA\u00cdSO NATURAL DE EUROPA\u00bb<\/strong> de Carlos P\u00e9rez, Espa\u00f1a.<\/p>\n<p><\/span><\/p>\n<p>&nbsp;<\/p>\n<p><img loading=\"lazy\" decoding=\"async\" class=\" wp-image-1475 alignleft\" src=\"http:\/\/www.fiaelyelmo.com\/cine\/wp-content\/uploads\/2017\/02\/laurel_CINEMA-FIA_bestshort-150x150.jpg\" alt=\"laurel_CINEMA FIA_bestshort\" width=\"121\" height=\"115\" \/><\/p>\n<p>Mejor corto:\u00a0<span class=\"x193iq5w xeuugli x13faqbe x1vvkbs xlh3980 xvmahel x1n0sxbx x1lliihq x1s928wv xhkezso x1gmr53x x1cpjm7i x1fgarty x1943h6x xudqn12 x3x7a5m x6prxxf xvq8zen xo1l8bm xzsf02u x1yc453h\" dir=\"auto\"><strong>\u00abFLOWer HERO\u00bb<\/strong> de Tom de Dorlodot, B\u00e9lgica.<\/span><\/p>\n","protected":false},"excerpt":{"rendered":"<p>Lista de premiados\u00a0XXII CINEMA FIA: Mejor pel\u00edcula del festival:\u00a0\u201cFLY MONARCA\u201d de Benjamin Jordan, Canad\u00e1. &nbsp; &nbsp; Mejor pel\u00edcula de deportes a\u00e9reos:\u00a0\u201cCONECTADO AL TERRENO\u201d de Alberto Collantes, Espa\u00f1a. &nbsp; &nbsp; Mejor pel\u00edcula de aventura a\u00e9rea:\u00a0\u201cACONCAGUA, TRAVES\u00cdA SIN RETORNO\u201d de Antoine Girard, Francia. &nbsp; Mejor pel\u00edcula de vuelo en la naturaleza:\u00abEXTREMADURA. PARA\u00cdSO NATURAL DE EUROPA\u00bb de Carlos [&hellip;]<\/p>\n","protected":false},"author":1,"featured_media":0,"parent":0,"menu_order":0,"comment_status":"closed","ping_status":"closed","template":"","meta":{"_et_pb_use_builder":"","_et_pb_old_content":"","_et_gb_content_width":"","footnotes":""},"class_list":["post-3173","page","type-page","status-publish","hentry"],"_links":{"self":[{"href":"https:\/\/www.fiaelyelmo.com\/cine\/wp-json\/wp\/v2\/pages\/3173","targetHints":{"allow":["GET"]}}],"collection":[{"href":"https:\/\/www.fiaelyelmo.com\/cine\/wp-json\/wp\/v2\/pages"}],"about":[{"href":"https:\/\/www.fiaelyelmo.com\/cine\/wp-json\/wp\/v2\/types\/page"}],"author":[{"embeddable":true,"href":"https:\/\/www.fiaelyelmo.com\/cine\/wp-json\/wp\/v2\/users\/1"}],"replies":[{"embeddable":true,"href":"https:\/\/www.fiaelyelmo.com\/cine\/wp-json\/wp\/v2\/comments?post=3173"}],"version-history":[{"count":6,"href":"https:\/\/www.fiaelyelmo.com\/cine\/wp-json\/wp\/v2\/pages\/3173\/revisions"}],"predecessor-version":[{"id":3183,"href":"https:\/\/www.fiaelyelmo.com\/cine\/wp-json\/wp\/v2\/pages\/3173\/revisions\/3183"}],"wp:attachment":[{"href":"https:\/\/www.fiaelyelmo.com\/cine\/wp-json\/wp\/v2\/media?parent=3173"}],"curies":[{"name":"wp","href":"https:\/\/api.w.org\/{rel}","templated":true}]}}