{"id":3438,"date":"2023-06-01T10:42:28","date_gmt":"2023-06-01T10:42:28","guid":{"rendered":"http:\/\/www.fiaelyelmo.com\/cine\/?page_id=3438"},"modified":"2023-06-01T10:53:10","modified_gmt":"2023-06-01T10:53:10","slug":"jury-2023","status":"publish","type":"page","link":"https:\/\/www.fiaelyelmo.com\/cine\/en\/jury-2023\/","title":{"rendered":"Jury 2023"},"content":{"rendered":"<h4><strong>Luisje Moyano. <\/strong>Film director.<\/h4>\n<p><img loading=\"lazy\" decoding=\"async\" class=\" wp-image-3435 alignleft\" src=\"http:\/\/www.fiaelyelmo.com\/cine\/wp-content\/uploads\/2023\/06\/Luisje-300x300.jpg\" alt=\"Luisje\" width=\"207\" height=\"241\" \/>Nacido en Ja\u00e9n en 1978 y con formaci\u00f3n en arte dram\u00e1tico y realizaci\u00f3n de cine, tiene una amplia trayectoria de actor, director de teatro y director de cine.<\/p>\n<p>Comenz\u00f3 su carrera como actor en compa\u00f1ias como Teatro La Paca o Errepe Teatro. Dio el paso como ayudante de de direcci\u00f3n para posteriormente dirigir su primera obra de teatro con Piezas de Oro,\u00a0 a la que sigui\u00f3 Lope Vs Calderon Varias piezas para Caf\u00e9 Teatro en M\u00e1laga, El tesoro del Agua, Yerma, etc. direcci\u00f3n de teatro. Como director de la compa\u00f1\u00eda de teatro <strong>\u201cEl Beso Teatro\u201d<\/strong> de Bilbao realiz\u00f3 varias producciones y di\u00f3 paso al cine. Debuto en 2010 como director con el cortometraje <strong><em>\u201cAquello que no quieres o\u00edr\u201d<\/em><\/strong> al que siguieron <strong>El Miedo<\/strong> (2010),\u00a0 <strong>Vidas paralelas<\/strong> (2011), <strong>El premio<\/strong> (2011), etc.<\/p>\n<p>Su trayectoria es extensa como director, pero tambi\u00e9n como guionista, productor, escritor y profesor.<br \/>\nHa cosechado algunos premios como<strong> el largometraje<\/strong> <strong>\u201c<em>La Ama<\/em>\u201d<\/strong> (Ja\u00e9n 2016), ganador a la mejor fotograf\u00eda y mejor banda sonora en el Festival Internacional Costa Del Sol, el cortomeraje \u00abLove AOVE\u00bb de 2019, ganador del Premio Decortoan 2020 y el documental<strong> \u201c<em>El \u00daltimo Suspiro de Jes\u00fas Franco\u201d<\/em> (<\/strong>M\u00e1laga 2020),\u00a0 seleccionado para Sitges.<\/p>\n<p>Actualmente esta inmerso como director, coguionista y productor del largometraje <strong>\u201c<em>La Sombra del Quebrantahuesos\u201d,\u00a0<\/em> <\/strong>en preproducci\u00f3n en Segura de la Sierra, Hornos y Orcera (Ja\u00e9n).<\/p>\n<h4><strong>Blay Olmos Quesada. <\/strong>Hang glider, paraglider and skydiver pilot.<strong><br \/>\n<\/strong><\/h4>\n<p><img loading=\"lazy\" decoding=\"async\" class=\" wp-image-3436 alignleft\" src=\"http:\/\/www.fiaelyelmo.com\/cine\/wp-content\/uploads\/2023\/06\/blay-225x300.jpg\" alt=\"blay\" width=\"210\" height=\"286\" \/>Blay Olmos, que vuela desde los 14 a\u00f1os, es uno de los mejores deportistas del vuelo libre en Espa\u00f1a, ya que se encuentra entre los pilotos nacionales m\u00e1s destacados de Ala Delta y Parapente, adem\u00e1s de practicar paracaidismo. Ha sido siete veces campe\u00f3n de Espa\u00f1a y del Preeuropeo de Alta Delta, y lleg\u00f3 a batir el r\u00e9cord de Europa de distancia libre en Ala Delta. Top 10 en campeonatos de Espa\u00f1a de Parapente, consigui\u00f3 el r\u00e9cord nacional de distancia en parapente en 2018, con 286 kil\u00f3metros.<\/p>\n<p>Blay Olmos es el \u00fanico piloto que ha pose\u00eddo a la vez los r\u00e9cords de Espa\u00f1a de distancia en Ala Delta y Parapente, y el \u00fanico europeo que ha ganado la Forbes Flatland, una de las competiciones m\u00e1s duras del desierto australiano. Adem\u00e1s de recibir este merecido reconocimiento, Blay Olmos ser\u00e1 uno de los pilotos que participar\u00e1n en el programa de exhibiciones del Festival Internacional del Aire \u201cEl Yelmo\u201d 2013, en la modalidad de Ala Delta.<\/p>\n<h4><strong>Lorenzo Canales Castilla. <\/strong>Journalist.<\/h4>\n<p>Nacido en Ja\u00e9n en 1967, comenz\u00f3 su carrera profesional en la Cadena Rato, sobre la que se levant\u00f3 la actual Onda Cero. Tambi\u00e9n ha trabajado en la Cadena Ser y ha sido colaborador del Diario Ideal.<br \/>\nDesde 1990 hasta la actualidad, est\u00e1 vinculado profesionalmente a la Radio y Televisi\u00f3n de Andaluc\u00eda, Canal Sur.<\/p>\n<p>Ha sido redactor de deportes y de informativos en los centros territoriales de Sevilla, Huelva, Granada y Ja\u00e9n, desempe\u00f1ando adem\u00e1s responsabilidades como coordinador de Canal Sur Radio y editor de informativos en Canal Sur Televisi\u00f3n.<\/p>\n<p>Ha pertenecido a la Asociaci\u00f3n de la Prensa de Sevilla y, desde 2011, est\u00e1 inscrito en la Asociaci\u00f3n de la Prensa de Ja\u00e9n.Desde sus or\u00edgenes, es miembro del Colegio Profesional de Periodistas de Andaluc\u00eda.<br \/>\nHa sido galardonado con el Premio de Periodismo de la Diputaci\u00f3n Provincial de Ja\u00e9n, en 2019.<br \/>\nRecibi\u00f3 un\u00a0 reconocimiento en los Premios Jiennenses del A\u00f1o 2020 por su labor informativa en la Primera L\u00ednea Frente a la Pandemia.<\/p>\n<p>En 2021, fue distinguido por su colaboraci\u00f3n y divulgaci\u00f3n de actividades llevadas a cabo por ALES Ja\u00e9n, la Asociaci\u00f3n de Familias de Ni\u00f1os con C\u00e1ncer.<\/p>\n","protected":false},"excerpt":{"rendered":"<p>Luisje Moyano. Film director. Nacido en Ja\u00e9n en 1978 y con formaci\u00f3n en arte dram\u00e1tico y realizaci\u00f3n de cine, tiene una amplia trayectoria de actor, director de teatro y director de cine. Comenz\u00f3 su carrera como actor en compa\u00f1ias como Teatro La Paca o Errepe Teatro. Dio el paso como ayudante de de direcci\u00f3n para [&hellip;]<\/p>\n","protected":false},"author":3,"featured_media":0,"parent":0,"menu_order":0,"comment_status":"closed","ping_status":"closed","template":"","meta":{"_et_pb_use_builder":"","_et_pb_old_content":"","_et_gb_content_width":"","footnotes":""},"class_list":["post-3438","page","type-page","status-publish","hentry"],"_links":{"self":[{"href":"https:\/\/www.fiaelyelmo.com\/cine\/wp-json\/wp\/v2\/pages\/3438","targetHints":{"allow":["GET"]}}],"collection":[{"href":"https:\/\/www.fiaelyelmo.com\/cine\/wp-json\/wp\/v2\/pages"}],"about":[{"href":"https:\/\/www.fiaelyelmo.com\/cine\/wp-json\/wp\/v2\/types\/page"}],"author":[{"embeddable":true,"href":"https:\/\/www.fiaelyelmo.com\/cine\/wp-json\/wp\/v2\/users\/3"}],"replies":[{"embeddable":true,"href":"https:\/\/www.fiaelyelmo.com\/cine\/wp-json\/wp\/v2\/comments?post=3438"}],"version-history":[{"count":4,"href":"https:\/\/www.fiaelyelmo.com\/cine\/wp-json\/wp\/v2\/pages\/3438\/revisions"}],"predecessor-version":[{"id":3447,"href":"https:\/\/www.fiaelyelmo.com\/cine\/wp-json\/wp\/v2\/pages\/3438\/revisions\/3447"}],"wp:attachment":[{"href":"https:\/\/www.fiaelyelmo.com\/cine\/wp-json\/wp\/v2\/media?parent=3438"}],"curies":[{"name":"wp","href":"https:\/\/api.w.org\/{rel}","templated":true}]}}