{"id":6,"date":"2013-02-26T18:42:01","date_gmt":"2013-02-26T18:42:01","guid":{"rendered":"http:\/\/www.fiaelyelmo.com\/cine\/?page_id=6"},"modified":"2025-06-11T20:51:30","modified_gmt":"2025-06-11T20:51:30","slug":"bases-del-festival","status":"publish","type":"page","link":"https:\/\/www.fiaelyelmo.com\/cine\/es\/bases-del-festival\/","title":{"rendered":"Bases"},"content":{"rendered":"<p>[et_pb_section fb_built=\u00bb1&#8243; _builder_version=\u00bb3.22&#8243; global_colors_info=\u00bb{}\u00bb][et_pb_row _builder_version=\u00bb3.25&#8243; background_size=\u00bbinitial\u00bb background_position=\u00bbtop_left\u00bb background_repeat=\u00bbrepeat\u00bb global_colors_info=\u00bb{}\u00bb][et_pb_column type=\u00bb4_4&#8243; _builder_version=\u00bb3.25&#8243; custom_padding=\u00bb|||\u00bb global_colors_info=\u00bb{}\u00bb custom_padding__hover=\u00bb|||\u00bb][et_pb_text _builder_version=\u00bb3.27.4&#8243; background_size=\u00bbinitial\u00bb background_position=\u00bbtop_left\u00bb background_repeat=\u00bbrepeat\u00bb global_colors_info=\u00bb{}\u00bb]<\/p>\n<h4><strong>XXV CINEMA FIA Festival Internacional de Cine del Aire, El Yelmo 2025<\/strong><\/h4>\n<p>Segura de la Sierra, Parque Natural de las Sierras de Cazorla, Segura y Las Villas.\u00a0 Andaluc\u00eda \u2013 Espa\u00f1a.<br \/>Del 4 al 6 de Julio de 2025<\/p>\n<p><strong>BASES DEL FESTIVAL<\/strong><\/p>\n<p><strong>1.-<\/strong> El Ayuntamiento de Segura de la Sierra organiza el 25\u00ba Festival Internacional de Cine del Aire, El Yelmo 2025. Se trata de una competici\u00f3n abierta tanto a cineastas profesionales como aficionados.<\/p>\n<p><strong>2.-<\/strong> Se aceptan pel\u00edculas o montajes visuales cuya tem\u00e1tica sea el aire, el viento y el vuelo:<br \/>Pel\u00edculas de los deportes y competiciones del aire tales como: ala delta, parapente, paramotor, U.L.M., paracaidismo, globo, ca\u00edda libre, planeadores, acrobacia a\u00e9rea, helic\u00f3ptero, avioneta, base jump, speedriding, paramotor, cometas, fly surf, el vuelo espacial, etc.<br \/>Pel\u00edculas de aventuras a\u00e9reas.<br \/>Pel\u00edculas sobre el vuelo de la Naturaleza.<br \/>Todas las dem\u00e1s pel\u00edculas que traten del aire, del viento y del vuelo.<\/p>\n<p><strong>3.-<\/strong> Las pel\u00edculas que se inscriban en el concurso deber\u00e1n estar en alguno de los formatos especificados en la hoja de inscripci\u00f3n.<\/p>\n<p><strong>4.-<\/strong> Las pel\u00edculas extranjeras presentadas en versi\u00f3n original deber\u00e1n ser subtituladas en castellano y acompa\u00f1adas de un resumen en espa\u00f1ol.<\/p>\n<p><strong>5.-<\/strong> Una comisi\u00f3n de selecci\u00f3n decidir\u00e1 la admisi\u00f3n de las pel\u00edculas al concurso.<br \/>Ser\u00e1n excluidas directamente:<br \/>Pel\u00edculas que est\u00e9n en formatos distintos a los especificados en la hoja de inscripci\u00f3n.<br \/>Pel\u00edculas cuyo nivel art\u00edstico y t\u00e9cnico sean juzgados insuficientes.<br \/>Pel\u00edculas en versi\u00f3n original sonorizadas no subtituladas.<br \/>Pel\u00edculas en las cuales hubieran colaborado, de cualquier manera, miembros del jurado o de \u00a0\u00a0 \u00a0la organizaci\u00f3n.<br \/>Pel\u00edculas cuya tem\u00e1tica no se adecuada al festival.<\/p>\n<p><strong>6.-<\/strong>\u00a0 La organizaci\u00f3n puede decidir la presentaci\u00f3n al p\u00fablico, fuera de concurso, de algunas pel\u00edculas que a pesar de no tener todas las caracter\u00edsticas para su admisi\u00f3n al concurso, responden a la tem\u00e1tica del festival.<\/p>\n<p><strong>7.-<\/strong> La inscripci\u00f3n de las pel\u00edculas es gratuita. Los gastos de env\u00edo de todas las pel\u00edculas presentadas, que participen o no en la competici\u00f3n, correr\u00e1 a cargo de los participantes. Si un director presenta m\u00e1s de una pel\u00edcula al concurso, deber\u00e1 rellenar una hoja de inscripci\u00f3n para cada pel\u00edcula.<\/p>\n<p><strong>8.-<\/strong> Los premios, \u00fanicos e indivisibles, ser\u00e1n entregados a las personas que hayan firmado el documento de inscripci\u00f3n. Se atribuir\u00e1 un valor de euros en premios, distribuidos seg\u00fan el siguiente punto.<\/p>\n<p><strong>9.-<\/strong> El Jurado del Festival podr\u00e1 otorgar los premios siguientes:<\/p>\n<ul>\n<li>Premio Caja Rural de Ja\u00e9n a la Mejor Pel\u00edcula del Festival, todas las categor\u00edas.<br \/>(Estatuilla y 1200 euros).<br \/>Ser\u00e1 otorgado independientemente de que la pel\u00edcula haya sido premiada en su categor\u00eda.<\/li>\n<li>Mejor Pel\u00edcula de Deportes A\u00e9reos. (Estatuilla y 600 euros).<\/li>\n<li>Mejor Pel\u00edcula de Aventura A\u00e9rea. (Estatuilla y 600 euros).<\/li>\n<li>Premio Bujarkay a la Mejor Pel\u00edcula de Naturaleza en Vuelo (Estatuilla y 300 euros)<\/li>\n<li>Mejor cortometraje. (Estatuilla y 300 euros)<\/li>\n<li>Premio Canal Sur a la mejor producci\u00f3n andaluza. (Estatuilla y 200 euros)<\/li>\n<\/ul>\n<p>El Comit\u00e9 Organizador se reserva el derecho, durante la noche de Gala, a mostrar im\u00e1genes de las pel\u00edculas seleccionadas. La decisi\u00f3n del jurado ser\u00e1 inapelable. Cualquier premio podr\u00e1 declararse desierto por falta de calidad si el jurado lo estima conveniente.<\/p>\n<p>* El Festival no se hace cargo del env\u00edo de premios si no lo recogen in situ los ganadores.<br \/>* En todos los premios hay que descontar una retenci\u00f3n del 15% de impuestos.<\/p>\n<p><strong>10.-<\/strong> Los realizadores son invitados, en la medida de lo posible y en los l\u00edmites previstos por el Comit\u00e9 Organizador, a presentar sus pel\u00edculas durante la proyecci\u00f3n p\u00fablica.<\/p>\n<p><strong>11.-<\/strong> El jurado decidir\u00e1 en qu\u00e9 categor\u00eda se incluir\u00e1n las pel\u00edculas aceptadas a concurso. Esta decisi\u00f3n ser\u00e1 inapelable.<\/p>\n<p><strong>12.-<\/strong> El horario y orden de presentaci\u00f3n de las pel\u00edculas admitidas a concurso, as\u00ed como de las invitadas, se efectuar\u00e1 siguiendo los programas establecidos por el Comit\u00e9 Organizador del festival sobre la base de las exigencias de organizaci\u00f3n.<\/p>\n<p><strong>13.-<\/strong> La organizaci\u00f3n, a\u00fan teniendo el m\u00e1ximo cuidado con las pel\u00edculas inscritas a concurso, declina toda responsabilidad por las posibles incidencias durante el transporte, la presentaci\u00f3n y el periodo en el que se encuentren depositadas en sus manos. Invitamos por tanto a que los participantes aseguren las pel\u00edculas de forma adecuada.<\/p>\n<p><strong>14.-<\/strong> Con el fin de constituir una filmoteca del festival, el Comit\u00e9 Organizador conservar\u00e1 una copia de todas las pel\u00edculas seleccionadas (copia enviada para la selecci\u00f3n), pudiendo hacer uso de las mismas para la promoci\u00f3n del festival.<\/p>\n<p><strong>15.-<\/strong> Para la difusi\u00f3n del festival, la organizaci\u00f3n de CINEMA FIA queda autorizada a la utilizaci\u00f3n p\u00fablica en los medios de comunicaci\u00f3n de un fragmento de hasta tres minutos de duraci\u00f3n de las pel\u00edculas seleccionadas.<\/p>\n<p><strong>16.-<\/strong> Finalizado el Festival, CINEMA FIA y el FIA podr\u00e1n utilizar los trabajos seleccionados en muestras y programas culturales y educativos, sin \u00e1nimo de lucro, con previa comunicaci\u00f3n a los autores.<\/p>\n<p><strong>17.-<\/strong> As\u00ed mismo, las pel\u00edculas no seleccionadas podr\u00e1n ser utilizadas para uso exclusivamente cultural y pedag\u00f3gico, no lucrativo, en los municipios dependientes de la Comarca de Sierra de Segura.<\/p>\n<p><strong>18.-<\/strong> El concursante responde de la autor\u00eda y originalidad de cada pel\u00edcula presentada, eximiendo a la Organizaci\u00f3n de toda responsabilidad en cuanto a contenido de la misma.<\/p>\n<p><strong>19.-<\/strong> Las inscripciones\u00a0 se har\u00e1n mediante un formulario web\u00a0 en www.fiaelyelmo.com\/cine y deber\u00e1 llegar antes del 1 de Mayo de 2025.<\/p>\n<p><strong>20.-<\/strong> El env\u00edo de las pel\u00edculas puede ser mediante medios digitales o por mensajer\u00eda:<\/p>\n<ul>\n<li>Mediante el env\u00edo de usuario y contrase\u00f1a de zona privada en canal de video online (Vimeo)<\/li>\n<li>Mediante Dropbox, wetransfer.com, etc,\u00a0 al email cine@fiaelyelmo.com\u00a0 o fica@fiaelyelmo.com<\/li>\n<li>Por correo a:<br \/>CINEMA FIA 2025<br \/>C\/ Regidor Juan de Isla, 1<br \/>23379 Segura de la Sierra, Ja\u00e9n , Espa\u00f1a<br \/>Fax:+34953481012<\/li>\n<\/ul>\n<p><strong>21.-<\/strong> La inscripci\u00f3n de las pel\u00edculas implica la aceptaci\u00f3n de todas las normas y condiciones establecidas en estas bases.<\/p>\n<p><a href=\"http:\/\/www.fiaelyelmo.com\/descargas2024\/BASES_CINEMA_ES_ENG_FR_2024.pdf\" target=\"_blank\" rel=\"noopener\">DESCARGA LAS BASES<\/a><!--:--><!--:en--><\/p>\n<p><a title=\"Formulario de inscripci\u00f3n\" href=\"https:\/\/www.fiaelyelmo.com\/cine\/es\/formulario-de-inscripcion\/\" target=\"_blank\" rel=\"noopener\">FORMULARIO DE INSCRIPCI\u00d3N<\/a><\/p>\n<p><!--:--><!--more--><!--:en--><\/p>\n<p>[\/et_pb_text][\/et_pb_column][\/et_pb_row][\/et_pb_section]<\/p>\n","protected":false},"excerpt":{"rendered":"<p>XXV CINEMA FIA Festival Internacional de Cine del Aire, El Yelmo 2025 Segura de la Sierra, Parque Natural de las Sierras de Cazorla, Segura y Las Villas.\u00a0 Andaluc\u00eda \u2013 Espa\u00f1a.Del 4 al 6 de Julio de 2025 BASES DEL FESTIVAL 1.- El Ayuntamiento de Segura de la Sierra organiza el 25\u00ba Festival Internacional de Cine [&hellip;]<\/p>\n","protected":false},"author":1,"featured_media":0,"parent":0,"menu_order":3,"comment_status":"closed","ping_status":"closed","template":"","meta":{"_et_pb_use_builder":"on","_et_pb_old_content":"<h4><strong>XXV CINEMA FIA Festival Internacional de Cine del Aire, El Yelmo 2025<\/strong><\/h4>\nSegura de la Sierra, Parque Natural de las Sierras de Cazorla, Segura y Las Villas.\u00a0 Andaluc\u00eda \u2013 Espa\u00f1a.\nDel 4 al 6 de Julio de 2025\n\n<strong>BASES DEL FESTIVAL<\/strong>\n\n<strong>1.-<\/strong> El Ayuntamiento de Segura de la Sierra organiza el 24\u00ba Festival Internacional de Cine del Aire, El Yelmo 2024. Se trata de una competici\u00f3n abierta tanto a cineastas profesionales como aficionados.\n\n<strong>2.-<\/strong> Se aceptan pel\u00edculas o montajes visuales cuya tem\u00e1tica sea el aire, el viento y el vuelo:\nPel\u00edculas de los deportes y competiciones del aire tales como: ala delta, parapente, paramotor, U.L.M., paracaidismo, globo, ca\u00edda libre, planeadores, acrobacia a\u00e9rea, helic\u00f3ptero, avioneta, base jump, speedriding, paramotor, cometas, fly surf, el vuelo espacial, etc.\nPel\u00edculas de aventuras a\u00e9reas.\nPel\u00edculas sobre el vuelo de la Naturaleza.\nTodas las dem\u00e1s pel\u00edculas que traten del aire, del viento y del vuelo.\n\n<strong>3.-<\/strong> Las pel\u00edculas que se inscriban en el concurso deber\u00e1n estar en alguno de los formatos especificados en la hoja de inscripci\u00f3n.\n\n<strong>4.-<\/strong> Las pel\u00edculas extranjeras presentadas en versi\u00f3n original deber\u00e1n ser subtituladas en castellano y acompa\u00f1adas de un resumen en espa\u00f1ol.\n\n<strong>5.-<\/strong> Una comisi\u00f3n de selecci\u00f3n decidir\u00e1 la admisi\u00f3n de las pel\u00edculas al concurso.\nSer\u00e1n excluidas directamente:\nPel\u00edculas que est\u00e9n en formatos distintos a los especificados en la hoja de inscripci\u00f3n.\nPel\u00edculas cuyo nivel art\u00edstico y t\u00e9cnico sean juzgados insuficientes.\nPel\u00edculas en versi\u00f3n original sonorizadas no subtituladas.\nPel\u00edculas en las cuales hubieran colaborado, de cualquier manera, miembros del jurado o de \u00a0\u00a0 \u00a0la organizaci\u00f3n.\nPel\u00edculas cuya tem\u00e1tica no se adecuada al festival.\n\n<strong>6.-<\/strong>\u00a0 La organizaci\u00f3n puede decidir la presentaci\u00f3n al p\u00fablico, fuera de concurso, de algunas pel\u00edculas que a pesar de no tener todas las caracter\u00edsticas para su admisi\u00f3n al concurso, responden a la tem\u00e1tica del festival.\n\n<strong>7.-<\/strong> La inscripci\u00f3n de las pel\u00edculas es gratuita. Los gastos de env\u00edo de todas las pel\u00edculas presentadas, que participen o no en la competici\u00f3n, correr\u00e1 a cargo de los participantes. Si un director presenta m\u00e1s de una pel\u00edcula al concurso, deber\u00e1 rellenar una hoja de inscripci\u00f3n para cada pel\u00edcula.\n\n<strong>8.-<\/strong> Los premios, \u00fanicos e indivisibles, ser\u00e1n entregados a las personas que hayan firmado el documento de inscripci\u00f3n. Se atribuir\u00e1 un valor de euros en premios, distribuidos seg\u00fan el siguiente punto.\n\n<strong>9.-<\/strong> El Jurado del Festival podr\u00e1 otorgar los premios siguientes:\n<ul>\n \t<li>Premio Caja Rural de Ja\u00e9n a la Mejor Pel\u00edcula del Festival, todas las categor\u00edas.\n(Estatuilla y 1200 euros).\nSer\u00e1 otorgado independientemente de que la pel\u00edcula haya sido premiada en su categor\u00eda.<\/li>\n \t<li>Mejor Pel\u00edcula de Deportes A\u00e9reos. (Estatuilla y 600 euros).<\/li>\n \t<li>Mejor Pel\u00edcula de Aventura A\u00e9rea. (Estatuilla y 600 euros).<\/li>\n \t<li>Premio Bujarkay a la Mejor Pel\u00edcula de Naturaleza en Vuelo (Estatuilla y 300 euros)<\/li>\n \t<li>Mejor cortometraje. (Estatuilla y 300 euros)<\/li>\n \t<li>Premio Canal Sur a la mejor producci\u00f3n andaluza. (Estatuilla y 200 euros)<\/li>\n<\/ul>\nEl Comit\u00e9 Organizador se reserva el derecho, durante la noche de Gala, a mostrar im\u00e1genes de las pel\u00edculas seleccionadas. La decisi\u00f3n del jurado ser\u00e1 inapelable. Cualquier premio podr\u00e1 declararse desierto por falta de calidad si el jurado lo estima conveniente.\n\n* El Festival no se hace cargo del env\u00edo de premios si no lo recogen in situ los ganadores.\n* En todos los premios hay que descontar una retenci\u00f3n del 15% de impuestos.\n\n<strong>10.-<\/strong> Los realizadores son invitados, en la medida de lo posible y en los l\u00edmites previstos por el Comit\u00e9 Organizador, a presentar sus pel\u00edculas durante la proyecci\u00f3n p\u00fablica.\n\n<strong>11.-<\/strong> El jurado decidir\u00e1 en qu\u00e9 categor\u00eda se incluir\u00e1n las pel\u00edculas aceptadas a concurso. Esta decisi\u00f3n ser\u00e1 inapelable.\n\n<strong>12.-<\/strong> El horario y orden de presentaci\u00f3n de las pel\u00edculas admitidas a concurso, as\u00ed como de las invitadas, se efectuar\u00e1 siguiendo los programas establecidos por el Comit\u00e9 Organizador del festival sobre la base de las exigencias de organizaci\u00f3n.\n\n<strong>13.-<\/strong> La organizaci\u00f3n, a\u00fan teniendo el m\u00e1ximo cuidado con las pel\u00edculas inscritas a concurso, declina toda responsabilidad por las posibles incidencias durante el transporte, la presentaci\u00f3n y el periodo en el que se encuentren depositadas en sus manos. Invitamos por tanto a que los participantes aseguren las pel\u00edculas de forma adecuada.\n\n<strong>14.-<\/strong> Con el fin de constituir una filmoteca del festival, el Comit\u00e9 Organizador conservar\u00e1 una copia de todas las pel\u00edculas seleccionadas (copia enviada para la selecci\u00f3n), pudiendo hacer uso de las mismas para la promoci\u00f3n del festival.\n\n<strong>15.-<\/strong> Para la difusi\u00f3n del festival, la organizaci\u00f3n de CINEMA FIA queda autorizada a la utilizaci\u00f3n p\u00fablica en los medios de comunicaci\u00f3n de un fragmento de hasta tres minutos de duraci\u00f3n de las pel\u00edculas seleccionadas.\n\n<strong>16.-<\/strong> Finalizado el Festival, CINEMA FIA y el FIA podr\u00e1n utilizar los trabajos seleccionados en muestras y programas culturales y educativos, sin \u00e1nimo de lucro, con previa comunicaci\u00f3n a los autores.\n\n<strong>17.-<\/strong> As\u00ed mismo, las pel\u00edculas no seleccionadas podr\u00e1n ser utilizadas para uso exclusivamente cultural y pedag\u00f3gico, no lucrativo, en los municipios dependientes de la Comarca de Sierra de Segura.\n\n<strong>18.-<\/strong> El concursante responde de la autor\u00eda y originalidad de cada pel\u00edcula presentada, eximiendo a la Organizaci\u00f3n de toda responsabilidad en cuanto a contenido de la misma.\n\n<strong>19.-<\/strong> Las inscripciones\u00a0 se har\u00e1n mediante un formulario web\u00a0 en www.fiaelyelmo.com\/cine y deber\u00e1 llegar antes del 1 de Mayo de 2024.\n\n<strong>20.-<\/strong> El env\u00edo de las pel\u00edculas puede ser mediante medios digitales o por mensajer\u00eda:\n<ul>\n \t<li>Mediante el env\u00edo de usuario y contrase\u00f1a de zona privada en canal de video online (Vimeo)<\/li>\n \t<li>Mediante Dropbox, wetransfer.com, etc,\u00a0 al email cine@fiaelyelmo.com\u00a0 o fica@fiaelyelmo.com<\/li>\n \t<li>Por correo a:\nCINEMA FIA 2025\nC\/ Regidor Juan de Isla, 1\n23379 Segura de la Sierra, Ja\u00e9n , Espa\u00f1a\nFax:+34953481012<\/li>\n<\/ul>\n<strong>21.-<\/strong> La inscripci\u00f3n de las pel\u00edculas implica la aceptaci\u00f3n de todas las normas y condiciones establecidas en estas bases.\n\n<a href=\"http:\/\/www.fiaelyelmo.com\/descargas2024\/BASES_CINEMA_ES_ENG_FR_2024.pdf\" target=\"_blank\" rel=\"noopener\">DESCARGA LAS BASES<\/a><!--:--><!--:en-->\n\n<a title=\"Formulario de inscripci\u00f3n\" href=\"https:\/\/www.fiaelyelmo.com\/cine\/es\/formulario-de-inscripcion\/\" target=\"_blank\" rel=\"noopener\">FORMULARIO DE INSCRIPCI\u00d3N<\/a>\n\n<!--:--><!--more--><!--:en-->","_et_gb_content_width":"","footnotes":""},"class_list":["post-6","page","type-page","status-publish","hentry"],"_links":{"self":[{"href":"https:\/\/www.fiaelyelmo.com\/cine\/wp-json\/wp\/v2\/pages\/6","targetHints":{"allow":["GET"]}}],"collection":[{"href":"https:\/\/www.fiaelyelmo.com\/cine\/wp-json\/wp\/v2\/pages"}],"about":[{"href":"https:\/\/www.fiaelyelmo.com\/cine\/wp-json\/wp\/v2\/types\/page"}],"author":[{"embeddable":true,"href":"https:\/\/www.fiaelyelmo.com\/cine\/wp-json\/wp\/v2\/users\/1"}],"replies":[{"embeddable":true,"href":"https:\/\/www.fiaelyelmo.com\/cine\/wp-json\/wp\/v2\/comments?post=6"}],"version-history":[{"count":72,"href":"https:\/\/www.fiaelyelmo.com\/cine\/wp-json\/wp\/v2\/pages\/6\/revisions"}],"predecessor-version":[{"id":3793,"href":"https:\/\/www.fiaelyelmo.com\/cine\/wp-json\/wp\/v2\/pages\/6\/revisions\/3793"}],"wp:attachment":[{"href":"https:\/\/www.fiaelyelmo.com\/cine\/wp-json\/wp\/v2\/media?parent=6"}],"curies":[{"name":"wp","href":"https:\/\/api.w.org\/{rel}","templated":true}]}}