{"id":976,"date":"2015-07-06T17:05:47","date_gmt":"2015-07-06T15:05:47","guid":{"rendered":"http:\/\/www.fiaelyelmo.com\/cine\/?page_id=976"},"modified":"2015-07-06T17:05:47","modified_gmt":"2015-07-06T15:05:47","slug":"premios-2015","status":"publish","type":"page","link":"https:\/\/www.fiaelyelmo.com\/cine\/es\/premios-2015\/","title":{"rendered":"Premios 2015"},"content":{"rendered":"<p>A continuaci\u00f3n ten\u00e9is la lista completa de premiados del XVI Festival Internacional del Cine del Aire 2015:<\/p>\n<blockquote><p><strong>Premio a la Mejor Pel\u00edcula del Festival (todas categor\u00edas).<\/strong><\/p>\n<div>\u201c<em><strong>Himalayan Odyssey<\/strong><\/em>\u201d \u00a0(India)<\/div>\n<p><strong>Premio a la mejor Pel\u00edcula de Deportes A\u00e9reos.<\/strong><\/p>\n<div>\u201c<em><strong>Fly again<\/strong><\/em>\u201d\u00a0(Bulgaria)<\/div>\n<p><strong>Premio a la mejor Pel\u00edcula de Aventura.<\/strong><\/p>\n<div>\u201c<em><strong>Una pareja en el cielo<\/strong><\/em>\u201d\u00a0(Francia)<\/div>\n<p><strong>Premio al Mejor Corto DO Sierra de Segura.<\/strong><\/p>\n<p>\u201c<em><strong>The perfect speed<\/strong><\/em>\u201d.\u00a0(USA)<\/p>\n<p><strong>Premio RTVA a la Producci\u00f3n Andaluza.<\/strong><\/p>\n<p>Reset (Sierra de Segura, Ja\u00e9n)<\/p>\n<p><strong>Menciones Especiales.<\/strong><\/p>\n<div>-\u00ab<em>500 Miles to Nowhere<\/em>\u00bb (USA)<\/div>\n<p>-\u00ab<em>X-Pyr 2014<\/em>\u00bb (Espa\u00f1a)<\/p>\n<p>-\u00ab<em>Johnny<\/em>\u00bb (USA)<\/p><\/blockquote>\n","protected":false},"excerpt":{"rendered":"<p>A continuaci\u00f3n ten\u00e9is la lista completa de premiados del XVI Festival Internacional del Cine del Aire 2015: Premio a la Mejor Pel\u00edcula del Festival (todas categor\u00edas). \u201cHimalayan Odyssey\u201d \u00a0(India) Premio a la mejor Pel\u00edcula de Deportes A\u00e9reos. \u201cFly again\u201d\u00a0(Bulgaria) Premio a la mejor Pel\u00edcula de Aventura. \u201cUna pareja en el cielo\u201d\u00a0(Francia) Premio al Mejor Corto [&hellip;]<\/p>\n","protected":false},"author":1,"featured_media":0,"parent":0,"menu_order":0,"comment_status":"open","ping_status":"open","template":"","meta":{"_et_pb_use_builder":"","_et_pb_old_content":"","_et_gb_content_width":"","footnotes":""},"class_list":["post-976","page","type-page","status-publish","hentry"],"_links":{"self":[{"href":"https:\/\/www.fiaelyelmo.com\/cine\/wp-json\/wp\/v2\/pages\/976","targetHints":{"allow":["GET"]}}],"collection":[{"href":"https:\/\/www.fiaelyelmo.com\/cine\/wp-json\/wp\/v2\/pages"}],"about":[{"href":"https:\/\/www.fiaelyelmo.com\/cine\/wp-json\/wp\/v2\/types\/page"}],"author":[{"embeddable":true,"href":"https:\/\/www.fiaelyelmo.com\/cine\/wp-json\/wp\/v2\/users\/1"}],"replies":[{"embeddable":true,"href":"https:\/\/www.fiaelyelmo.com\/cine\/wp-json\/wp\/v2\/comments?post=976"}],"version-history":[{"count":2,"href":"https:\/\/www.fiaelyelmo.com\/cine\/wp-json\/wp\/v2\/pages\/976\/revisions"}],"predecessor-version":[{"id":978,"href":"https:\/\/www.fiaelyelmo.com\/cine\/wp-json\/wp\/v2\/pages\/976\/revisions\/978"}],"wp:attachment":[{"href":"https:\/\/www.fiaelyelmo.com\/cine\/wp-json\/wp\/v2\/media?parent=976"}],"curies":[{"name":"wp","href":"https:\/\/api.w.org\/{rel}","templated":true}]}}